{"id":69,"date":"2019-06-23T04:51:37","date_gmt":"2019-06-23T04:51:37","guid":{"rendered":"http:\/\/inspirythemesdemo.com\/realplaces\/?page_id=69"},"modified":"2024-08-07T11:15:24","modified_gmt":"2024-08-07T11:15:24","slug":"alojamentos","status":"publish","type":"page","link":"https:\/\/beiramarnazare.com\/?page_id=69","title":{"rendered":"Alojamentos"},"content":{"rendered":"","protected":false},"excerpt":{"rendered":"","protected":false},"author":1,"featured_media":0,"parent":0,"menu_order":0,"comment_status":"open","ping_status":"closed","template":"templates\/properties.php","meta":{"om_disable_all_campaigns":false,"_monsterinsights_skip_tracking":false,"_monsterinsights_sitenote_active":false,"_monsterinsights_sitenote_note":"","_monsterinsights_sitenote_category":0,"footnotes":""},"class_list":["post-69","page","type-page","status-publish","hentry"],"yoast_head":"<!-- This site is optimized with the Yoast SEO Premium plugin v23.1 (Yoast SEO v27.4) - https:\/\/yoast.com\/product\/yoast-seo-premium-wordpress\/ -->\n<title>Alojamentos | Beira-Mar Nazar\u00e9 Apartments<\/title>\n<meta name=\"description\" content=\"Aluguer de alojamento locais \u00e0 beira-mar da praia da nazar\u00e9. Apartamentos equipados com tudo o que precisa para usufruir das f\u00e9rias que merece.\" \/>\n<meta name=\"robots\" content=\"index, follow, max-snippet:-1, max-image-preview:large, max-video-preview:-1\" \/>\n<link rel=\"canonical\" href=\"https:\/\/beiramarnazare.com\/?page_id=69\" \/>\n<meta property=\"og:locale\" content=\"pt_PT\" \/>\n<meta property=\"og:type\" content=\"article\" \/>\n<meta property=\"og:title\" content=\"Alojamentos\" \/>\n<meta property=\"og:description\" content=\"Aluguer de alojamento locais \u00e0 beira-mar da praia da nazar\u00e9. Apartamentos equipados com tudo o que precisa para usufruir das f\u00e9rias que merece.\" \/>\n<meta property=\"og:url\" content=\"https:\/\/beiramarnazare.com\/?page_id=69\" \/>\n<meta property=\"og:site_name\" content=\"Beira-Mar Nazar\u00e9 Apartments\" \/>\n<meta property=\"article:modified_time\" content=\"2024-08-07T11:15:24+00:00\" \/>\n<meta name=\"twitter:card\" content=\"summary_large_image\" \/>\n<script type=\"application\/ld+json\" class=\"yoast-schema-graph\">{\"@context\":\"https:\\\/\\\/schema.org\",\"@graph\":[{\"@type\":\"WebPage\",\"@id\":\"https:\\\/\\\/beiramarnazare.com\\\/?page_id=69\",\"url\":\"https:\\\/\\\/beiramarnazare.com\\\/?page_id=69\",\"name\":\"Alojamentos | Beira-Mar Nazar\u00e9 Apartments\",\"isPartOf\":{\"@id\":\"https:\\\/\\\/beiramarnazare.com\\\/#website\"},\"datePublished\":\"2019-06-23T04:51:37+00:00\",\"dateModified\":\"2024-08-07T11:15:24+00:00\",\"description\":\"Aluguer de alojamento locais \u00e0 beira-mar da praia da nazar\u00e9. Apartamentos equipados com tudo o que precisa para usufruir das f\u00e9rias que merece.\",\"breadcrumb\":{\"@id\":\"https:\\\/\\\/beiramarnazare.com\\\/?page_id=69#breadcrumb\"},\"inLanguage\":\"pt-PT\",\"potentialAction\":[{\"@type\":\"ReadAction\",\"target\":[\"https:\\\/\\\/beiramarnazare.com\\\/?page_id=69\"]}]},{\"@type\":\"BreadcrumbList\",\"@id\":\"https:\\\/\\\/beiramarnazare.com\\\/?page_id=69#breadcrumb\",\"itemListElement\":[{\"@type\":\"ListItem\",\"position\":1,\"name\":\"In\u00edcio\",\"item\":\"https:\\\/\\\/beiramarnazare.com\\\/\"},{\"@type\":\"ListItem\",\"position\":2,\"name\":\"Alojamentos\"}]},{\"@type\":\"WebSite\",\"@id\":\"https:\\\/\\\/beiramarnazare.com\\\/#website\",\"url\":\"https:\\\/\\\/beiramarnazare.com\\\/\",\"name\":\"Beira-Mar Nazar\u00e9 Apartments\",\"description\":\"Casa de f\u00e9rias na Nazar\u00e9\",\"publisher\":{\"@id\":\"https:\\\/\\\/beiramarnazare.com\\\/#organization\"},\"potentialAction\":[{\"@type\":\"SearchAction\",\"target\":{\"@type\":\"EntryPoint\",\"urlTemplate\":\"https:\\\/\\\/beiramarnazare.com\\\/?s={search_term_string}\"},\"query-input\":{\"@type\":\"PropertyValueSpecification\",\"valueRequired\":true,\"valueName\":\"search_term_string\"}}],\"inLanguage\":\"pt-PT\"},{\"@type\":\"Organization\",\"@id\":\"https:\\\/\\\/beiramarnazare.com\\\/#organization\",\"name\":\"Beira-Mar Nazar\u00e9 Apartments\",\"url\":\"https:\\\/\\\/beiramarnazare.com\\\/\",\"logo\":{\"@type\":\"ImageObject\",\"inLanguage\":\"pt-PT\",\"@id\":\"https:\\\/\\\/beiramarnazare.com\\\/#\\\/schema\\\/logo\\\/image\\\/\",\"url\":\"https:\\\/\\\/beiramarnazare.com\\\/wp-content\\\/uploads\\\/2020\\\/09\\\/Beira-Mar-Logo-teste-1-1.png\",\"contentUrl\":\"https:\\\/\\\/beiramarnazare.com\\\/wp-content\\\/uploads\\\/2020\\\/09\\\/Beira-Mar-Logo-teste-1-1.png\",\"width\":722,\"height\":221,\"caption\":\"Beira-Mar Nazar\u00e9 Apartments\"},\"image\":{\"@id\":\"https:\\\/\\\/beiramarnazare.com\\\/#\\\/schema\\\/logo\\\/image\\\/\"},\"description\":\"Aluguer de casas de f\u00e9rias na Nazar\u00e9.\",\"email\":\"info@beirmarnazare.com\",\"telephone\":\"919592550\",\"vatID\":\"509614582\",\"numberOfEmployees\":{\"@type\":\"QuantitativeValue\",\"minValue\":\"1\",\"maxValue\":\"10\"},\"publishingPrinciples\":\"https:\\\/\\\/beiramarnazare.com\\\/?page_id=7322\"}]}<\/script>\n<!-- \/ Yoast SEO Premium plugin. -->","yoast_head_json":{"title":"Alojamentos | Beira-Mar Nazar\u00e9 Apartments","description":"Aluguer de alojamento locais \u00e0 beira-mar da praia da nazar\u00e9. Apartamentos equipados com tudo o que precisa para usufruir das f\u00e9rias que merece.","robots":{"index":"index","follow":"follow","max-snippet":"max-snippet:-1","max-image-preview":"max-image-preview:large","max-video-preview":"max-video-preview:-1"},"canonical":"https:\/\/beiramarnazare.com\/?page_id=69","og_locale":"pt_PT","og_type":"article","og_title":"Alojamentos","og_description":"Aluguer de alojamento locais \u00e0 beira-mar da praia da nazar\u00e9. Apartamentos equipados com tudo o que precisa para usufruir das f\u00e9rias que merece.","og_url":"https:\/\/beiramarnazare.com\/?page_id=69","og_site_name":"Beira-Mar Nazar\u00e9 Apartments","article_modified_time":"2024-08-07T11:15:24+00:00","twitter_card":"summary_large_image","schema":{"@context":"https:\/\/schema.org","@graph":[{"@type":"WebPage","@id":"https:\/\/beiramarnazare.com\/?page_id=69","url":"https:\/\/beiramarnazare.com\/?page_id=69","name":"Alojamentos | Beira-Mar Nazar\u00e9 Apartments","isPartOf":{"@id":"https:\/\/beiramarnazare.com\/#website"},"datePublished":"2019-06-23T04:51:37+00:00","dateModified":"2024-08-07T11:15:24+00:00","description":"Aluguer de alojamento locais \u00e0 beira-mar da praia da nazar\u00e9. Apartamentos equipados com tudo o que precisa para usufruir das f\u00e9rias que merece.","breadcrumb":{"@id":"https:\/\/beiramarnazare.com\/?page_id=69#breadcrumb"},"inLanguage":"pt-PT","potentialAction":[{"@type":"ReadAction","target":["https:\/\/beiramarnazare.com\/?page_id=69"]}]},{"@type":"BreadcrumbList","@id":"https:\/\/beiramarnazare.com\/?page_id=69#breadcrumb","itemListElement":[{"@type":"ListItem","position":1,"name":"In\u00edcio","item":"https:\/\/beiramarnazare.com\/"},{"@type":"ListItem","position":2,"name":"Alojamentos"}]},{"@type":"WebSite","@id":"https:\/\/beiramarnazare.com\/#website","url":"https:\/\/beiramarnazare.com\/","name":"Beira-Mar Nazar\u00e9 Apartments","description":"Casa de f\u00e9rias na Nazar\u00e9","publisher":{"@id":"https:\/\/beiramarnazare.com\/#organization"},"potentialAction":[{"@type":"SearchAction","target":{"@type":"EntryPoint","urlTemplate":"https:\/\/beiramarnazare.com\/?s={search_term_string}"},"query-input":{"@type":"PropertyValueSpecification","valueRequired":true,"valueName":"search_term_string"}}],"inLanguage":"pt-PT"},{"@type":"Organization","@id":"https:\/\/beiramarnazare.com\/#organization","name":"Beira-Mar Nazar\u00e9 Apartments","url":"https:\/\/beiramarnazare.com\/","logo":{"@type":"ImageObject","inLanguage":"pt-PT","@id":"https:\/\/beiramarnazare.com\/#\/schema\/logo\/image\/","url":"https:\/\/beiramarnazare.com\/wp-content\/uploads\/2020\/09\/Beira-Mar-Logo-teste-1-1.png","contentUrl":"https:\/\/beiramarnazare.com\/wp-content\/uploads\/2020\/09\/Beira-Mar-Logo-teste-1-1.png","width":722,"height":221,"caption":"Beira-Mar Nazar\u00e9 Apartments"},"image":{"@id":"https:\/\/beiramarnazare.com\/#\/schema\/logo\/image\/"},"description":"Aluguer de casas de f\u00e9rias na Nazar\u00e9.","email":"info@beirmarnazare.com","telephone":"919592550","vatID":"509614582","numberOfEmployees":{"@type":"QuantitativeValue","minValue":"1","maxValue":"10"},"publishingPrinciples":"https:\/\/beiramarnazare.com\/?page_id=7322"}]}},"jetpack_sharing_enabled":true,"_links":{"self":[{"href":"https:\/\/beiramarnazare.com\/index.php?rest_route=\/wp\/v2\/pages\/69","targetHints":{"allow":["GET"]}}],"collection":[{"href":"https:\/\/beiramarnazare.com\/index.php?rest_route=\/wp\/v2\/pages"}],"about":[{"href":"https:\/\/beiramarnazare.com\/index.php?rest_route=\/wp\/v2\/types\/page"}],"author":[{"embeddable":true,"href":"https:\/\/beiramarnazare.com\/index.php?rest_route=\/wp\/v2\/users\/1"}],"replies":[{"embeddable":true,"href":"https:\/\/beiramarnazare.com\/index.php?rest_route=%2Fwp%2Fv2%2Fcomments&post=69"}],"version-history":[{"count":0,"href":"https:\/\/beiramarnazare.com\/index.php?rest_route=\/wp\/v2\/pages\/69\/revisions"}],"wp:attachment":[{"href":"https:\/\/beiramarnazare.com\/index.php?rest_route=%2Fwp%2Fv2%2Fmedia&parent=69"}],"curies":[{"name":"wp","href":"https:\/\/api.w.org\/{rel}","templated":true}]}}