{"id":155,"date":"2019-06-23T23:26:14","date_gmt":"2019-06-23T23:26:14","guid":{"rendered":"http:\/\/inspirythemesdemo.com\/realplaces\/?page_id=155"},"modified":"2024-08-07T11:14:55","modified_gmt":"2024-08-07T11:14:55","slug":"contactos","status":"publish","type":"page","link":"https:\/\/beiramarnazare.com\/?page_id=155","title":{"rendered":"Contactos"},"content":{"rendered":"\t\t<div data-elementor-type=\"wp-page\" data-elementor-id=\"155\" class=\"elementor elementor-155\" data-elementor-post-type=\"page\">\n\t\t\t\t<div class=\"elementor-element elementor-element-a3f1aba e-flex e-con-boxed e-con e-parent\" data-id=\"a3f1aba\" data-element_type=\"container\" data-e-type=\"container\">\n\t\t\t\t\t<div class=\"e-con-inner\">\n\t\t\t\t<div class=\"elementor-element elementor-element-471abb1 elementor-widget elementor-widget-rhea-properties-os-map-widget\" data-id=\"471abb1\" data-element_type=\"widget\" data-e-type=\"widget\" data-settings=\"{&quot;map_sync_properties&quot;:&quot;no&quot;,&quot;all_found_properties&quot;:&quot;no&quot;}\" data-widget_type=\"rhea-properties-os-map-widget.default\">\n\t\t\t\t<div class=\"elementor-widget-container\">\n\t\t\t\t\t        <div class=\"rhea-map-head\">\n\t\t\t        <div class=\"rhea-osm-map-data\" data-osm-properties-map=\"eyJkYXRhIjpbeyJjbGFzc2VzIjpbInJoZWEtdHYiLCJyaGVhLWFndWEtcXVlbnRlIiwicmhlYS1hbG1vZmFkYXMtY29iZXJ0b3JlcyIsInJoZWEtYmVyY2FyaW8iLCJyaGVhLWNhYmlkZXMiLCJyaGVhLWNhZmUtY2hhLWFjdWNhciIsInJoZWEtY2FmZXRlaXJhIiwicmhlYS1jaGFsZWlyYS1lbGV0cmljYSIsInJoZWEtY29uZ2VsYWRvciIsInJoZWEtY29wb3MtdmluaG8iLCJyaGVhLWVxdWlwYW1lbnRvcy1jb3ppbmhhIiwicmhlYS1leHRpbnRvciIsInJoZWEtZnJpZ29yaWZpY28iLCJyaGVhLWtpdC1wcmltZWlyb3Mtc29jb3Jyb3MiLCJyaGVhLW1lc2EtcmVmZWljYW8iLCJyaGVhLW1pY3Jvb25kYXMiLCJyaGVhLXBsYWNhLWluZHVjYW8iLCJyaGVhLXByYXRvcy10YWxoZXJlcyIsInJoZWEtcm91cGEtY2FtYSIsInJoZWEtcm91cGVpcm8iLCJyaGVhLXNlY2Fkb3IiLCJyaGVhLXRvYWxoYXMtbGVhbmNvaXMtcGFwZWwtaGlnaWVuaWNvIiwicmhlYS10b3JyYWRlaXJhIiwicmhlYS10di1jYWJvIiwicmhlYS13aWZpIiwicmhlYS1hcGFydGFtZW50byIsInJoZWEtbmF6YXJlIl0sInRpdGxlIjoiQ2FzaW5oYSBkYSBMaWJlcmRhZGUiLCJwcmljZSI6IkRlc2RlIDM1XHUyMGFjIFBvciBOb2l0ZSIsInVybCI6Imh0dHBzOlwvXC9iZWlyYW1hcm5hemFyZS5jb21cLz9wcm9wZXJ0eT1jYXNpbmhhLWRhLWxpYmVyZGFkZSIsImxhdCI6IjM5LjYwMDM2MSIsImxuZyI6Ii05LjA3MjYwMyIsInRodW1iIjoiaHR0cHM6XC9cL2JlaXJhbWFybmF6YXJlLmNvbVwvd3AtY29udGVudFwvdXBsb2Fkc1wvMjAyNFwvMDZcLzI2LTQ4OHgzMjYucG5nIiwiaWNvbiI6Imh0dHBzOlwvXC9iZWlyYW1hcm5hemFyZS5jb21cL3dwLWNvbnRlbnRcL3VwbG9hZHNcLzIwMjBcLzA5XC9pY29uLW1hcGEtQ2FzaW5oYXMtQmVpcmEtTWFyLnBuZyJ9LHsiY2xhc3NlcyI6WyJyaGVhLXR2IiwicmhlYS1hZ3VhLXF1ZW50ZSIsInJoZWEtYWxtb2ZhZGFzLWNvYmVydG9yZXMiLCJyaGVhLWFxdWVjaW1lbnRvIiwicmhlYS1iZXJjYXJpbyIsInJoZWEtY2FiaWRlcyIsInJoZWEtY2FmZS1jaGEtYWN1Y2FyIiwicmhlYS1jYWZldGVpcmEiLCJyaGVhLWNoYWxlaXJhLWVsZXRyaWNhIiwicmhlYS1jb25nZWxhZG9yIiwicmhlYS1jb3Bvcy12aW5obyIsInJoZWEtZWxldmFkb3IiLCJyaGVhLWVxdWlwYW1lbnRvcy1jb3ppbmhhIiwicmhlYS1leHRpbnRvciIsInJoZWEtZmVycm8iLCJyaGVhLWZyaWdvcmlmaWNvIiwicmhlYS1raXQtcHJpbWVpcm9zLXNvY29ycm9zIiwicmhlYS1tZXNhLXJlZmVpY2FvIiwicmhlYS1taWNyb29uZGFzIiwicmhlYS1wbGFjYS1pbmR1Y2FvIiwicmhlYS1wcmF0b3MtdGFsaGVyZXMiLCJyaGVhLXJvdXBhLWNhbWEiLCJyaGVhLXJvdXBlaXJvIiwicmhlYS1zZWNhZG9yIiwicmhlYS1zaGFtcG9vLWdlbC1iYW5obyIsInJoZWEtdG9hbGhhcy1sZWFuY29pcy1wYXBlbC1oaWdpZW5pY28iLCJyaGVhLXRvcnJhZGVpcmEiLCJyaGVhLXR2LWNhYm8iLCJyaGVhLXdpZmkiLCJyaGVhLWFwYXJ0YW1lbnRvIiwicmhlYS1uYXphcmUiXSwidGl0bGUiOiJDYXNpbmhhIGRhIFN1Yi1WaWxhIiwicHJpY2UiOiJEZXNkZSA4N1x1MjBhYyBQb3IgTm9pdGUiLCJ1cmwiOiJodHRwczpcL1wvYmVpcmFtYXJuYXphcmUuY29tXC8\/cHJvcGVydHk9Y2FzaW5oYS1kYS1zdWJ2aWxhIiwibGF0IjoiMzkuNTk5NDc5IiwibG5nIjoiLTkuMDcwNTQ2NCIsInRodW1iIjoiaHR0cHM6XC9cL2JlaXJhbWFybmF6YXJlLmNvbVwvd3AtY29udGVudFwvdXBsb2Fkc1wvMjAyNlwvMDFcL0lNR18xMTg1LTQ4OHgzMjYuanBnIiwiaWNvbiI6Imh0dHBzOlwvXC9iZWlyYW1hcm5hemFyZS5jb21cL3dwLWNvbnRlbnRcL3VwbG9hZHNcLzIwMjBcLzA5XC9pY29uLW1hcGEtQ2FzaW5oYXMtQmVpcmEtTWFyLnBuZyJ9LHsiY2xhc3NlcyI6WyJyaGVhLXR2IiwicmhlYS1hZ3VhLXF1ZW50ZSIsInJoZWEtYWxtb2ZhZGFzLWNvYmVydG9yZXMiLCJyaGVhLWFxdWVjaW1lbnRvIiwicmhlYS1iZXJjYXJpbyIsInJoZWEtY2FiaWRlcyIsInJoZWEtY2FmZS1jaGEtYWN1Y2FyIiwicmhlYS1jYWZldGVpcmEiLCJyaGVhLWNoYWxlaXJhLWVsZXRyaWNhIiwicmhlYS1jb25nZWxhZG9yIiwicmhlYS1jb3Bvcy12aW5obyIsInJoZWEtZXF1aXBhbWVudG9zLWNvemluaGEiLCJyaGVhLWV4dGludG9yIiwicmhlYS1mZXJybyIsInJoZWEtZnJpZ29yaWZpY28iLCJyaGVhLWtpdC1wcmltZWlyb3Mtc29jb3Jyb3MiLCJyaGVhLW1lc2EtcmVmZWljYW8iLCJyaGVhLW1pY3Jvb25kYXMiLCJyaGVhLXBsYWNhLWluZHVjYW8iLCJyaGVhLXByYXRvcy10YWxoZXJlcyIsInJoZWEtcm91cGEtY2FtYSIsInJoZWEtcm91cGVpcm8iLCJyaGVhLXNlY2Fkb3IiLCJyaGVhLXNoYW1wb28tZ2VsLWJhbmhvIiwicmhlYS10b2FsaGFzLWxlYW5jb2lzLXBhcGVsLWhpZ2llbmljbyIsInJoZWEtdG9ycmFkZWlyYSIsInJoZWEtdHYtY2FibyIsInJoZWEtd2lmaSIsInJoZWEtYXBhcnRhbWVudG8iLCJyaGVhLW5hemFyZSJdLCJ0aXRsZSI6IkNhc2luaGEgZG8gQWxlY3JpbSIsInByaWNlIjoiRGVzZGUgODNcdTIwYWMgUG9yIE5vaXRlIiwidXJsIjoiaHR0cHM6XC9cL2JlaXJhbWFybmF6YXJlLmNvbVwvP3Byb3BlcnR5PWNhc2luaGEtZG8tYWxlY3JpbSIsImxhdCI6IjM5LjYwMDM2NDY0OTU1NyIsImxuZyI6Ii05LjA3MjY3NTc4MDgzNzciLCJ0aHVtYiI6Imh0dHBzOlwvXC9iZWlyYW1hcm5hemFyZS5jb21cL3dwLWNvbnRlbnRcL3VwbG9hZHNcLzIwMjBcLzExXC8yLTQtNDg4eDMyNi5wbmciLCJpY29uIjoiaHR0cHM6XC9cL2JlaXJhbWFybmF6YXJlLmNvbVwvd3AtY29udGVudFwvdXBsb2Fkc1wvMjAyMFwvMDlcL2ljb24tbWFwYS1DYXNpbmhhcy1CZWlyYS1NYXIucG5nIn0seyJjbGFzc2VzIjpbInJoZWEtdHYiLCJyaGVhLWFndWEtcXVlbnRlIiwicmhlYS1hbG1vZmFkYXMtY29iZXJ0b3JlcyIsInJoZWEtYXF1ZWNpbWVudG8iLCJyaGVhLWJlcmNhcmlvIiwicmhlYS1jYWJpZGVzIiwicmhlYS1jYWZlLWNoYS1hY3VjYXIiLCJyaGVhLWNhZmV0ZWlyYSIsInJoZWEtY2hhbGVpcmEtZWxldHJpY2EiLCJyaGVhLWNvbmdlbGFkb3IiLCJyaGVhLWNvcG9zLXZpbmhvIiwicmhlYS1lcXVpcGFtZW50b3MtY296aW5oYSIsInJoZWEtZXh0aW50b3IiLCJyaGVhLWZlcnJvIiwicmhlYS1mcmlnb3JpZmljbyIsInJoZWEta2l0LXByaW1laXJvcy1zb2NvcnJvcyIsInJoZWEtbWVzYS1yZWZlaWNhbyIsInJoZWEtbWljcm9vbmRhcyIsInJoZWEtcGxhY2EtaW5kdWNhbyIsInJoZWEtcHJhdG9zLXRhbGhlcmVzIiwicmhlYS1yb3VwYS1jYW1hIiwicmhlYS1yb3VwZWlybyIsInJoZWEtc2VjYWRvciIsInJoZWEtc2hhbXBvby1nZWwtYmFuaG8iLCJyaGVhLXRvYWxoYXMtbGVhbmNvaXMtcGFwZWwtaGlnaWVuaWNvIiwicmhlYS10b3JyYWRlaXJhIiwicmhlYS10di1jYWJvIiwicmhlYS13aWZpIiwicmhlYS1hcGFydGFtZW50byIsInJoZWEtbmF6YXJlIl0sInRpdGxlIjoiQ2FzaW5oYSBkYSBHcmFcdTAwZTdhIiwicHJpY2UiOiJEZXNkZSA3Nlx1MjBhYyBQb3IgTm9pdGUiLCJ1cmwiOiJodHRwczpcL1wvYmVpcmFtYXJuYXphcmUuY29tXC8\/cHJvcGVydHk9Y2FzaW5oYS1kYS1ncmFjYSIsImxhdCI6IjM5LjU5OTkzODkxNDkxMSIsImxuZyI6Ii05LjA3MjQ1OTMzMTYyODgiLCJ0aHVtYiI6Imh0dHBzOlwvXC9iZWlyYW1hcm5hemFyZS5jb21cL3dwLWNvbnRlbnRcL3VwbG9hZHNcLzIwMjBcLzExXC8xLTItNDg4eDMyNi5wbmciLCJpY29uIjoiaHR0cHM6XC9cL2JlaXJhbWFybmF6YXJlLmNvbVwvd3AtY29udGVudFwvdXBsb2Fkc1wvMjAyMFwvMDlcL2ljb24tbWFwYS1DYXNpbmhhcy1CZWlyYS1NYXIucG5nIn1dLCJpZCI6IjQ3MWFiYjEifQ==\"><\/div>\n        <div id=\"rhea-471abb1\" class=\"rhea-listing-map\"><\/div>\n\t\t        <\/div>\n\t\t\t\t\t\t<\/div>\n\t\t\t\t<\/div>\n\t\t\t\t\t<\/div>\n\t\t\t\t<\/div>\n\t\t\t\t<\/div>\n\t\t","protected":false},"excerpt":{"rendered":"","protected":false},"author":1,"featured_media":0,"parent":0,"menu_order":0,"comment_status":"open","ping_status":"closed","template":"templates\/contact.php","meta":{"om_disable_all_campaigns":false,"_monsterinsights_skip_tracking":false,"_monsterinsights_sitenote_active":false,"_monsterinsights_sitenote_note":"","_monsterinsights_sitenote_category":0,"footnotes":""},"class_list":["post-155","page","type-page","status-publish","hentry"],"yoast_head":"<!-- This site is optimized with the Yoast SEO Premium plugin v23.1 (Yoast SEO v27.4) - https:\/\/yoast.com\/product\/yoast-seo-premium-wordpress\/ -->\n<title>Contactos | Beira-Mar Nazar\u00e9 Apartments<\/title>\n<meta name=\"description\" content=\"Aluguer de alojamento locais \u00e0 beira-mar da praia da nazar\u00e9. Contacto: +351 919592550. Email: info@beiramarnazare.com\" \/>\n<meta name=\"robots\" content=\"index, follow, max-snippet:-1, max-image-preview:large, max-video-preview:-1\" \/>\n<link rel=\"canonical\" href=\"https:\/\/beiramarnazare.com\/?page_id=155\" \/>\n<meta property=\"og:locale\" content=\"pt_PT\" \/>\n<meta property=\"og:type\" content=\"article\" \/>\n<meta property=\"og:title\" content=\"Contactos\" \/>\n<meta property=\"og:description\" content=\"Aluguer de alojamento locais \u00e0 beira-mar da praia da nazar\u00e9. Contacto: +351 919592550. Email: info@beiramarnazare.com\" \/>\n<meta property=\"og:url\" content=\"https:\/\/beiramarnazare.com\/?page_id=155\" \/>\n<meta property=\"og:site_name\" content=\"Beira-Mar Nazar\u00e9 Apartments\" \/>\n<meta property=\"article:modified_time\" content=\"2024-08-07T11:14:55+00:00\" \/>\n<meta name=\"twitter:card\" content=\"summary_large_image\" \/>\n<script type=\"application\/ld+json\" class=\"yoast-schema-graph\">{\"@context\":\"https:\\\/\\\/schema.org\",\"@graph\":[{\"@type\":\"WebPage\",\"@id\":\"https:\\\/\\\/beiramarnazare.com\\\/?page_id=155\",\"url\":\"https:\\\/\\\/beiramarnazare.com\\\/?page_id=155\",\"name\":\"Contactos | Beira-Mar Nazar\u00e9 Apartments\",\"isPartOf\":{\"@id\":\"https:\\\/\\\/beiramarnazare.com\\\/#website\"},\"datePublished\":\"2019-06-23T23:26:14+00:00\",\"dateModified\":\"2024-08-07T11:14:55+00:00\",\"description\":\"Aluguer de alojamento locais \u00e0 beira-mar da praia da nazar\u00e9. Contacto: +351 919592550. Email: info@beiramarnazare.com\",\"breadcrumb\":{\"@id\":\"https:\\\/\\\/beiramarnazare.com\\\/?page_id=155#breadcrumb\"},\"inLanguage\":\"pt-PT\",\"potentialAction\":[{\"@type\":\"ReadAction\",\"target\":[\"https:\\\/\\\/beiramarnazare.com\\\/?page_id=155\"]}]},{\"@type\":\"BreadcrumbList\",\"@id\":\"https:\\\/\\\/beiramarnazare.com\\\/?page_id=155#breadcrumb\",\"itemListElement\":[{\"@type\":\"ListItem\",\"position\":1,\"name\":\"In\u00edcio\",\"item\":\"https:\\\/\\\/beiramarnazare.com\\\/\"},{\"@type\":\"ListItem\",\"position\":2,\"name\":\"Contactos\"}]},{\"@type\":\"WebSite\",\"@id\":\"https:\\\/\\\/beiramarnazare.com\\\/#website\",\"url\":\"https:\\\/\\\/beiramarnazare.com\\\/\",\"name\":\"Beira-Mar Nazar\u00e9 Apartments\",\"description\":\"Casa de f\u00e9rias na Nazar\u00e9\",\"publisher\":{\"@id\":\"https:\\\/\\\/beiramarnazare.com\\\/#organization\"},\"potentialAction\":[{\"@type\":\"SearchAction\",\"target\":{\"@type\":\"EntryPoint\",\"urlTemplate\":\"https:\\\/\\\/beiramarnazare.com\\\/?s={search_term_string}\"},\"query-input\":{\"@type\":\"PropertyValueSpecification\",\"valueRequired\":true,\"valueName\":\"search_term_string\"}}],\"inLanguage\":\"pt-PT\"},{\"@type\":\"Organization\",\"@id\":\"https:\\\/\\\/beiramarnazare.com\\\/#organization\",\"name\":\"Beira-Mar Nazar\u00e9 Apartments\",\"url\":\"https:\\\/\\\/beiramarnazare.com\\\/\",\"logo\":{\"@type\":\"ImageObject\",\"inLanguage\":\"pt-PT\",\"@id\":\"https:\\\/\\\/beiramarnazare.com\\\/#\\\/schema\\\/logo\\\/image\\\/\",\"url\":\"https:\\\/\\\/beiramarnazare.com\\\/wp-content\\\/uploads\\\/2020\\\/09\\\/Beira-Mar-Logo-teste-1-1.png\",\"contentUrl\":\"https:\\\/\\\/beiramarnazare.com\\\/wp-content\\\/uploads\\\/2020\\\/09\\\/Beira-Mar-Logo-teste-1-1.png\",\"width\":722,\"height\":221,\"caption\":\"Beira-Mar Nazar\u00e9 Apartments\"},\"image\":{\"@id\":\"https:\\\/\\\/beiramarnazare.com\\\/#\\\/schema\\\/logo\\\/image\\\/\"},\"description\":\"Aluguer de casas de f\u00e9rias na Nazar\u00e9.\",\"email\":\"info@beirmarnazare.com\",\"telephone\":\"919592550\",\"vatID\":\"509614582\",\"numberOfEmployees\":{\"@type\":\"QuantitativeValue\",\"minValue\":\"1\",\"maxValue\":\"10\"},\"publishingPrinciples\":\"https:\\\/\\\/beiramarnazare.com\\\/?page_id=7322\"}]}<\/script>\n<!-- \/ Yoast SEO Premium plugin. -->","yoast_head_json":{"title":"Contactos | Beira-Mar Nazar\u00e9 Apartments","description":"Aluguer de alojamento locais \u00e0 beira-mar da praia da nazar\u00e9. Contacto: +351 919592550. Email: info@beiramarnazare.com","robots":{"index":"index","follow":"follow","max-snippet":"max-snippet:-1","max-image-preview":"max-image-preview:large","max-video-preview":"max-video-preview:-1"},"canonical":"https:\/\/beiramarnazare.com\/?page_id=155","og_locale":"pt_PT","og_type":"article","og_title":"Contactos","og_description":"Aluguer de alojamento locais \u00e0 beira-mar da praia da nazar\u00e9. Contacto: +351 919592550. Email: info@beiramarnazare.com","og_url":"https:\/\/beiramarnazare.com\/?page_id=155","og_site_name":"Beira-Mar Nazar\u00e9 Apartments","article_modified_time":"2024-08-07T11:14:55+00:00","twitter_card":"summary_large_image","schema":{"@context":"https:\/\/schema.org","@graph":[{"@type":"WebPage","@id":"https:\/\/beiramarnazare.com\/?page_id=155","url":"https:\/\/beiramarnazare.com\/?page_id=155","name":"Contactos | Beira-Mar Nazar\u00e9 Apartments","isPartOf":{"@id":"https:\/\/beiramarnazare.com\/#website"},"datePublished":"2019-06-23T23:26:14+00:00","dateModified":"2024-08-07T11:14:55+00:00","description":"Aluguer de alojamento locais \u00e0 beira-mar da praia da nazar\u00e9. Contacto: +351 919592550. Email: info@beiramarnazare.com","breadcrumb":{"@id":"https:\/\/beiramarnazare.com\/?page_id=155#breadcrumb"},"inLanguage":"pt-PT","potentialAction":[{"@type":"ReadAction","target":["https:\/\/beiramarnazare.com\/?page_id=155"]}]},{"@type":"BreadcrumbList","@id":"https:\/\/beiramarnazare.com\/?page_id=155#breadcrumb","itemListElement":[{"@type":"ListItem","position":1,"name":"In\u00edcio","item":"https:\/\/beiramarnazare.com\/"},{"@type":"ListItem","position":2,"name":"Contactos"}]},{"@type":"WebSite","@id":"https:\/\/beiramarnazare.com\/#website","url":"https:\/\/beiramarnazare.com\/","name":"Beira-Mar Nazar\u00e9 Apartments","description":"Casa de f\u00e9rias na Nazar\u00e9","publisher":{"@id":"https:\/\/beiramarnazare.com\/#organization"},"potentialAction":[{"@type":"SearchAction","target":{"@type":"EntryPoint","urlTemplate":"https:\/\/beiramarnazare.com\/?s={search_term_string}"},"query-input":{"@type":"PropertyValueSpecification","valueRequired":true,"valueName":"search_term_string"}}],"inLanguage":"pt-PT"},{"@type":"Organization","@id":"https:\/\/beiramarnazare.com\/#organization","name":"Beira-Mar Nazar\u00e9 Apartments","url":"https:\/\/beiramarnazare.com\/","logo":{"@type":"ImageObject","inLanguage":"pt-PT","@id":"https:\/\/beiramarnazare.com\/#\/schema\/logo\/image\/","url":"https:\/\/beiramarnazare.com\/wp-content\/uploads\/2020\/09\/Beira-Mar-Logo-teste-1-1.png","contentUrl":"https:\/\/beiramarnazare.com\/wp-content\/uploads\/2020\/09\/Beira-Mar-Logo-teste-1-1.png","width":722,"height":221,"caption":"Beira-Mar Nazar\u00e9 Apartments"},"image":{"@id":"https:\/\/beiramarnazare.com\/#\/schema\/logo\/image\/"},"description":"Aluguer de casas de f\u00e9rias na Nazar\u00e9.","email":"info@beirmarnazare.com","telephone":"919592550","vatID":"509614582","numberOfEmployees":{"@type":"QuantitativeValue","minValue":"1","maxValue":"10"},"publishingPrinciples":"https:\/\/beiramarnazare.com\/?page_id=7322"}]}},"jetpack_sharing_enabled":true,"_links":{"self":[{"href":"https:\/\/beiramarnazare.com\/index.php?rest_route=\/wp\/v2\/pages\/155","targetHints":{"allow":["GET"]}}],"collection":[{"href":"https:\/\/beiramarnazare.com\/index.php?rest_route=\/wp\/v2\/pages"}],"about":[{"href":"https:\/\/beiramarnazare.com\/index.php?rest_route=\/wp\/v2\/types\/page"}],"author":[{"embeddable":true,"href":"https:\/\/beiramarnazare.com\/index.php?rest_route=\/wp\/v2\/users\/1"}],"replies":[{"embeddable":true,"href":"https:\/\/beiramarnazare.com\/index.php?rest_route=%2Fwp%2Fv2%2Fcomments&post=155"}],"version-history":[{"count":0,"href":"https:\/\/beiramarnazare.com\/index.php?rest_route=\/wp\/v2\/pages\/155\/revisions"}],"wp:attachment":[{"href":"https:\/\/beiramarnazare.com\/index.php?rest_route=%2Fwp%2Fv2%2Fmedia&parent=155"}],"curies":[{"name":"wp","href":"https:\/\/api.w.org\/{rel}","templated":true}]}}